{"id":6344,"date":"2025-06-12T14:49:41","date_gmt":"2025-06-12T12:49:41","guid":{"rendered":"https:\/\/azulweb.es\/gaias\/?page_id=6344"},"modified":"2025-06-12T14:49:41","modified_gmt":"2025-06-12T12:49:41","slug":"politica-de-cookies","status":"publish","type":"page","link":"https:\/\/azulweb.es\/gaias\/politica-de-cookies\/","title":{"rendered":"Pol\u00edtica de cookies"},"content":{"rendered":"<div class=\"elementor-element elementor-element-4b7ac5a elementor-widget elementor-widget-text-editor\" data-id=\"4b7ac5a\" data-element_type=\"widget\" data-widget_type=\"text-editor.default\">\n<div class=\"elementor-widget-container\">\n<p>Una cookie es un peque\u00f1o fichero de texto que se almacena en su navegador cuando visita casi cualquier p\u00e1gina web. Su utilidad es que la web sea capaz de recordar su visita cuando vuelva a navegar por esa p\u00e1gina. Las cookies suelen almacenar informaci\u00f3n de car\u00e1cter t\u00e9cnico, preferencias personales, personalizaci\u00f3n de contenidos, estad\u00edsticas de uso, enlaces a redes sociales, acceso a cuentas de usuario, etc. El objetivo de la cookie es adaptar el contenido de la web a su perfil y necesidades, sin cookies los servicios ofrecidos por cualquier p\u00e1gina se ver\u00edan mermados notablemente.<\/p>\n<\/div>\n<\/div>\n<div class=\"elementor-element elementor-element-dad66a5 elementor-widget elementor-widget-heading\" data-id=\"dad66a5\" data-element_type=\"widget\" data-widget_type=\"heading.default\">\n<div class=\"elementor-widget-container\">\n<h2 class=\"elementor-heading-title elementor-size-default\">\u00bfQu\u00e9 es una cookie?<\/h2>\n<\/div>\n<\/div>\n<div class=\"elementor-element elementor-element-bf54e25 elementor-widget elementor-widget-text-editor\" data-id=\"bf54e25\" data-element_type=\"widget\" data-widget_type=\"text-editor.default\">\n<div class=\"elementor-widget-container\">\n<p>Una cookie es un fichero de texto inofensivo que se almacena en su navegador cuando visita casi cualquier p\u00e1gina web. La utilidad de la cookie es que la web sea capaz de recordar su visita cuando vuelva a navegar por esa p\u00e1gina. Aunque mucha gente no lo sabe las cookies se llevan utilizando desde hace 20 a\u00f1os, cuando aparecieron los primeros navegadores para la World Wide Web.<\/p>\n<\/div>\n<\/div>\n<div class=\"elementor-element elementor-element-4bab7c5 elementor-widget elementor-widget-heading\" data-id=\"4bab7c5\" data-element_type=\"widget\" data-widget_type=\"heading.default\">\n<div class=\"elementor-widget-container\">\n<h2 class=\"elementor-heading-title elementor-size-default\">\u00bfQu\u00e9 no es una cookie?<\/h2>\n<\/div>\n<\/div>\n<div class=\"elementor-element elementor-element-6842133 elementor-widget elementor-widget-text-editor\" data-id=\"6842133\" data-element_type=\"widget\" data-widget_type=\"text-editor.default\">\n<div class=\"elementor-widget-container\">\n<p>No es un virus, ni un troyano, ni un gusano, ni spam, ni spyware, ni abre ventanas pop-up.<\/p>\n<\/div>\n<\/div>\n<div class=\"elementor-element elementor-element-d161efe elementor-widget elementor-widget-heading\" data-id=\"d161efe\" data-element_type=\"widget\" data-widget_type=\"heading.default\">\n<div class=\"elementor-widget-container\">\n<h2 class=\"elementor-heading-title elementor-size-default\">\u00bfQu\u00e9 informaci\u00f3n almacena una cookie?<\/h2>\n<\/div>\n<\/div>\n<div class=\"elementor-element elementor-element-5a79a5c elementor-widget elementor-widget-text-editor\" data-id=\"5a79a5c\" data-element_type=\"widget\" data-widget_type=\"text-editor.default\">\n<div class=\"elementor-widget-container\">\n<p>Las cookies no suelen almacenar informaci\u00f3n sensible sobre usted, como tarjetas de cr\u00e9dito o datos bancarios, fotograf\u00edas, su DNI o informaci\u00f3n personal, etc. Los datos que guardan son de car\u00e1cter t\u00e9cnico, preferencias personales, personalizaci\u00f3n de contenidos, etc.<\/p>\n<p>El servidor web no le asocia a usted como persona si no a su navegador web. De hecho, si usted navega habitualmente con Internet Explorer y prueba a navegar por la misma web con Firefox o Chrome ver\u00e1 que la web no se da cuenta que es usted la misma persona porque en realidad est\u00e1 asociando al navegador, no a la persona.<\/p>\n<\/div>\n<\/div>\n<div class=\"elementor-element elementor-element-449e819 elementor-widget elementor-widget-heading\" data-id=\"449e819\" data-element_type=\"widget\" data-widget_type=\"heading.default\">\n<div class=\"elementor-widget-container\">\n<h2 class=\"elementor-heading-title elementor-size-default\">\u00bfQu\u00e9 tipo de cookies existen?<\/h2>\n<\/div>\n<\/div>\n<div class=\"elementor-element elementor-element-3744be5 elementor-widget elementor-widget-text-editor\" data-id=\"3744be5\" data-element_type=\"widget\" data-widget_type=\"text-editor.default\">\n<div class=\"elementor-widget-container\">\n<ul>\n<li>Cookies t\u00e9cnicas: Son las m\u00e1s elementales y permiten, entre otras cosas, saber cu\u00e1ndo est\u00e1 navegando un humano o una aplicaci\u00f3n automatizada, cu\u00e1ndo navega un usuario an\u00f3nimo y uno registrado, tareas b\u00e1sicas para el funcionamiento de cualquier web din\u00e1mica.<\/li>\n<li>Cookies de an\u00e1lisis: Recogen informaci\u00f3n sobre el tipo de navegaci\u00f3n que est\u00e1 realizando, las secciones que m\u00e1s utiliza, productos consultados, franja horaria de uso, idioma, etc.<\/li>\n<li>Cookies publicitarias: Muestran publicidad en funci\u00f3n de su navegaci\u00f3n, su pa\u00eds de procedencia, idioma, etc.<\/li>\n<\/ul>\n<\/div>\n<\/div>\n<div class=\"elementor-element elementor-element-b49d418 elementor-widget elementor-widget-heading\" data-id=\"b49d418\" data-element_type=\"widget\" data-widget_type=\"heading.default\">\n<div class=\"elementor-widget-container\">\n<h2 class=\"elementor-heading-title elementor-size-default\">\u00bfQu\u00e9 son las cookies propias y las de terceros?<\/h2>\n<\/div>\n<\/div>\n<div class=\"elementor-element elementor-element-763b83e elementor-widget elementor-widget-text-editor\" data-id=\"763b83e\" data-element_type=\"widget\" data-widget_type=\"text-editor.default\">\n<div class=\"elementor-widget-container\">\n<p>Las cookies propias son las generadas por la p\u00e1gina que est\u00e1 visitando y las de terceros son las generadas por servicios o proveedores externos como Facebook, Twitter, Google, etc.<\/p>\n<\/div>\n<\/div>\n<div class=\"elementor-element elementor-element-3191a3e elementor-widget elementor-widget-heading\" data-id=\"3191a3e\" data-element_type=\"widget\" data-widget_type=\"heading.default\">\n<div class=\"elementor-widget-container\">\n<h2 class=\"elementor-heading-title elementor-size-default\">\u00bfQu\u00e9 ocurre si desactivo las cookies?<\/h2>\n<\/div>\n<\/div>\n<div class=\"elementor-element elementor-element-97533fa elementor-widget elementor-widget-text-editor\" data-id=\"97533fa\" data-element_type=\"widget\" data-widget_type=\"text-editor.default\">\n<div class=\"elementor-widget-container\">\n<p>Para que entienda el alcance que puede tener desactivar las cookies le mostramos unos ejemplos:<\/p>\n<ul>\n<li>No podr\u00e1 compartir contenidos de esa web en Facebook, Twitter o cualquier otra red social.<\/li>\n<li>El sitio web no podr\u00e1 adaptar los contenidos a sus preferencias personales, como suele ocurrir en las tiendas online.<\/li>\n<li>No podr\u00e1 acceder al \u00e1rea personal de esa web, como por ejemplo Mi cuenta, o Mi perfil o Mis pedidos.<\/li>\n<li>Tiendas online: Le ser\u00e1 imposible realizar compras online, tendr\u00e1n que ser telef\u00f3nicas o visitando la tienda f\u00edsica si es que dispone de ella.<\/li>\n<li>No ser\u00e1 posible personalizar sus preferencias geogr\u00e1ficas como franja horaria, divisa o idioma.<\/li>\n<li>El sitio web no podr\u00e1 realizar anal\u00edticas web sobre visitantes y tr\u00e1fico en la web, lo que dificultar\u00e1 que la web sea competitiva.<\/li>\n<li>No podr\u00e1 escribir en el blog, no podr\u00e1 subir fotos, publicar comentarios, valorar o puntuar contenidos. La web tampoco podr\u00e1 saber si usted es un humano o una aplicaci\u00f3n automatizada que publica spam.<\/li>\n<li>No se podr\u00e1 mostrar publicidad sectorizada, lo que reducir\u00e1 los ingresos publicitarios de la web.<\/li>\n<li>Todas las redes sociales usan cookies, si las desactiva no podr\u00e1 utilizar ninguna red social.<\/li>\n<\/ul>\n<\/div>\n<\/div>\n<div class=\"elementor-element elementor-element-f9d8731 elementor-widget elementor-widget-heading\" data-id=\"f9d8731\" data-element_type=\"widget\" data-widget_type=\"heading.default\">\n<div class=\"elementor-widget-container\">\n<h2 class=\"elementor-heading-title elementor-size-default\">\u00bfSe pueden eliminar y\/o bloquear las cookies?<\/h2>\n<\/div>\n<\/div>\n<div class=\"elementor-element elementor-element-5b5bf96 elementor-widget elementor-widget-text-editor\" data-id=\"5b5bf96\" data-element_type=\"widget\" data-widget_type=\"text-editor.default\">\n<div class=\"elementor-widget-container\">\n<p>S\u00ed, se pueden eliminar y bloquear las cookies. A continuaci\u00f3n, facilitamos enlaces a las configuraciones de los navegadores m\u00e1s utilizados para que pueda proceder seg\u00fan sus preferencias:<\/p>\n<p>Google Chrome:\u00a0<a href=\"https:\/\/support.google.com\/chrome\/answer\/95647?hl=es-419\">https:\/\/support.google.com\/chrome\/answer\/95647?hl=es-419<\/a><\/p>\n<p>Mozilla Firefox:\u00a0<a href=\"https:\/\/support.mozilla.org\/es\/kb\/proteccion-de-rastreo-mejorada-en-firefox-para-esc\">https:\/\/support.mozilla.org\/es\/kb\/proteccion-de-rastreo-mejorada-en-firefox-para-esc<\/a><\/p>\n<p>Safari:\u00a0<a href=\"https:\/\/support.apple.com\/es-es\/HT201265\">https:\/\/support.apple.com\/es-es\/HT201265<\/a><\/p>\n<p>Microsoft Edge:\u00a0<a href=\"https:\/\/support.microsoft.com\/es-es\/microsoft-edge\/eliminar-las-cookies-en-microsoft-edge-63947406-40ac-c3b8-57b9-2a946a29ae09\">https:\/\/support.microsoft.com\/es-es\/microsoft-edge\/eliminar-las-cookies-en-microsoft-edge-63947406-40ac-c3b8-57b9-2a946a29ae09<\/a><\/p>\n<p>Internet Explorer:\u00a0<a href=\"https:\/\/support.microsoft.com\/es-es\/topic\/eliminar-y-administrar-cookies-168dab11-0753-043d-7c16-ede5947fc64d\">https:\/\/support.microsoft.com\/es-es\/topic\/eliminar-y-administrar-cookies-168dab11-0753-043d-7c16-ede5947fc64d<\/a><\/p>\n<\/div>\n<\/div>\n<div class=\"elementor-element elementor-element-6947e18 elementor-widget elementor-widget-heading\" data-id=\"6947e18\" data-element_type=\"widget\" data-widget_type=\"heading.default\">\n<div class=\"elementor-widget-container\">\n<h2 class=\"elementor-heading-title elementor-size-default\">Cookies utilizadas en este sitio web<\/h2>\n<\/div>\n<\/div>\n<div class=\"elementor-element elementor-element-31c4b5e elementor-widget elementor-widget-text-editor\" data-id=\"31c4b5e\" data-element_type=\"widget\" data-widget_type=\"text-editor.default\">\n<div class=\"elementor-widget-container\">\n<p>Siguiendo las directrices de la Agencia Espa\u00f1ola de Protecci\u00f3n de Datos procedemos a detallar el uso de cookies que hace esta web con el fin de informarle con la m\u00e1xima exactitud posible.<\/p>\n<p>Este sitio web utiliza las siguientes\u00a0<strong>cookies de terceros<\/strong>:<\/p>\n<ul>\n<li>Google Analytics: Almacena cookies para poder elaborar estad\u00edsticas sobre el tr\u00e1fico y volumen de visitas de esta web, as\u00ed como del idioma utilizado. Al utilizar este sitio web est\u00e1 consintiendo el tratamiento de informaci\u00f3n acerca de usted por Google. Por tanto, el ejercicio de cualquier derecho en este sentido deber\u00e1 hacerlo comunicando directamente con Google. (<strong>e.: -APISID, CONSENT, HSID, NID, SID, _ga, _gat)<\/strong><\/li>\n<li><strong>Cookies de redes sociales:\u00a0<\/strong>Los posibles \u201c<strong>Plugins sociales<\/strong>\u201d no est\u00e1n integrados en nuestro portal, sino solo a trav\u00e9s de un v\u00ednculo HTML (llamado \u00abcomplemento shariff\u00bb). Con esto se garantiza que no se crear\u00e1 una conexi\u00f3n al servicio del proveedor de redes sociales solo por usar nuestro sitio web. Al hacer clic en el bot\u00f3n de una red social de nuestra web, se abrir\u00e1 una nueva ventana y un acceso a la p\u00e1gina del proveedor de servicios. Para los derechos y opciones de configuraci\u00f3n relacionados con proteger su privacidad, consulte las pol\u00edticas de privacidad de datos de los proveedores.<\/li>\n<\/ul>\n<\/div>\n<\/div>\n<div class=\"elementor-element elementor-element-ea2dd97 elementor-widget elementor-widget-heading\" data-id=\"ea2dd97\" data-element_type=\"widget\" data-widget_type=\"heading.default\">\n<div class=\"elementor-widget-container\">\n<h2 class=\"elementor-heading-title elementor-size-default\">Desactivaci\u00f3n o eliminaci\u00f3n de cookies<\/h2>\n<\/div>\n<\/div>\n<div class=\"elementor-element elementor-element-2c4c653 elementor-widget elementor-widget-text-editor\" data-id=\"2c4c653\" data-element_type=\"widget\" data-widget_type=\"text-editor.default\">\n<div class=\"elementor-widget-container\">\n<p>Este sitio web pone a disposici\u00f3n de los usuarios un formulario de f\u00e1cil acceso para poder activar o desactivar las cookies utilizadas por nosotros seg\u00fan las preferencias personales del usuario en cualquier momento.<\/p>\n<p>Por otra parte, respecto a los complementos de entidades externas (como por ejemplo los servicios de Google Inc.) utilizados en nuestro portal web recomendamos a todos los usuarios que accedan a las pol\u00edticas de privacidad de cada proveedor de los servicios para que obtenga mayor informaci\u00f3n:<\/p>\n<p><em>\u2013\u00a0<\/em><a href=\"http:\/\/www.google.es\/intl\/es\/policies\/privacy\/\"><em>http:\/\/www.google.es\/intl\/es\/policies\/privacy\/<\/em><\/a><\/p>\n<\/div>\n<\/div>\n<div class=\"elementor-element elementor-element-e5c04bb elementor-widget elementor-widget-heading\" data-id=\"e5c04bb\" data-element_type=\"widget\" data-widget_type=\"heading.default\">\n<div class=\"elementor-widget-container\">\n<h2 class=\"elementor-heading-title elementor-size-default\">Notas adicionales<\/h2>\n<\/div>\n<\/div>\n<div class=\"elementor-element elementor-element-9056ec5 elementor-widget elementor-widget-text-editor\" data-id=\"9056ec5\" data-element_type=\"widget\" data-widget_type=\"text-editor.default\">\n<div class=\"elementor-widget-container\">\n<ul>\n<li>Ni esta web ni sus representantes legales se hacen responsables ni del contenido ni de la veracidad de las pol\u00edticas de privacidad que puedan tener los terceros mencionados en esta pol\u00edtica de cookies.<\/li>\n<li>Los navegadores web son las herramientas encargadas de almacenar las cookies y desde este lugar debe efectuar su derecho a eliminaci\u00f3n o desactivaci\u00f3n de las mismas. Ni esta web ni sus representantes legales pueden garantizar la correcta o incorrecta manipulaci\u00f3n de las cookies por parte de los mencionados navegadores.<\/li>\n<li>En algunos casos es necesario instalar cookies para que el navegador no olvide su decisi\u00f3n de no aceptaci\u00f3n de las mismas.<\/li>\n<li>En el caso de las cookies de Google Analytics, esta empresa almacena las cookies en servidores ubicados en Estados Unidos y se compromete a no compartirla con terceros, excepto en los casos en los que sea necesario para el funcionamiento del sistema o cuando la ley obligue a tal efecto. Seg\u00fan Google no guarda su direcci\u00f3n IP. Google Inc. es una compa\u00f1\u00eda adherida al Acuerdo de Puerto Seguro que garantiza que todos los datos transferidos ser\u00e1n tratados con un nivel de protecci\u00f3n acorde a la normativa europea.<\/li>\n<li>Para cualquier duda o consulta acerca de esta pol\u00edtica de cookies no dude en comunicarse con nosotros a trav\u00e9s de la secci\u00f3n de contacto.<\/li>\n<\/ul>\n<\/div>\n<\/div>\n","protected":false},"excerpt":{"rendered":"<p>Una cookie es un peque\u00f1o fichero de texto que se almacena en su navegador cuando visita casi cualquier p\u00e1gina web. Su utilidad es que la web sea capaz de recordar su visita cuando vuelva a navegar por esa p\u00e1gina. Las cookies suelen almacenar informaci\u00f3n de car\u00e1cter t\u00e9cnico, preferencias personales, personalizaci\u00f3n de contenidos, estad\u00edsticas de uso, [&hellip;]<\/p>\n","protected":false},"author":1,"featured_media":0,"parent":0,"menu_order":0,"comment_status":"closed","ping_status":"closed","template":"","meta":{"site-sidebar-layout":"default","site-content-layout":"","ast-site-content-layout":"default","site-content-style":"default","site-sidebar-style":"default","ast-global-header-display":"","ast-banner-title-visibility":"","ast-main-header-display":"","ast-hfb-above-header-display":"","ast-hfb-below-header-display":"","ast-hfb-mobile-header-display":"","site-post-title":"","ast-breadcrumbs-content":"","ast-featured-img":"","footer-sml-layout":"","theme-transparent-header-meta":"default","adv-header-id-meta":"","stick-header-meta":"","header-above-stick-meta":"","header-main-stick-meta":"","header-below-stick-meta":"","astra-migrate-meta-layouts":"set","ast-page-background-enabled":"default","ast-page-background-meta":{"desktop":{"background-color":"var(--ast-global-color-4)","background-image":"","background-repeat":"repeat","background-position":"center center","background-size":"auto","background-attachment":"scroll","background-type":"","background-media":"","overlay-type":"","overlay-color":"","overlay-opacity":"","overlay-gradient":""},"tablet":{"background-color":"","background-image":"","background-repeat":"repeat","background-position":"center center","background-size":"auto","background-attachment":"scroll","background-type":"","background-media":"","overlay-type":"","overlay-color":"","overlay-opacity":"","overlay-gradient":""},"mobile":{"background-color":"","background-image":"","background-repeat":"repeat","background-position":"center center","background-size":"auto","background-attachment":"scroll","background-type":"","background-media":"","overlay-type":"","overlay-color":"","overlay-opacity":"","overlay-gradient":""}},"ast-content-background-meta":{"desktop":{"background-color":"var(--ast-global-color-5)","background-image":"","background-repeat":"repeat","background-position":"center center","background-size":"auto","background-attachment":"scroll","background-type":"","background-media":"","overlay-type":"","overlay-color":"","overlay-opacity":"","overlay-gradient":""},"tablet":{"background-color":"var(--ast-global-color-5)","background-image":"","background-repeat":"repeat","background-position":"center center","background-size":"auto","background-attachment":"scroll","background-type":"","background-media":"","overlay-type":"","overlay-color":"","overlay-opacity":"","overlay-gradient":""},"mobile":{"background-color":"var(--ast-global-color-5)","background-image":"","background-repeat":"repeat","background-position":"center center","background-size":"auto","background-attachment":"scroll","background-type":"","background-media":"","overlay-type":"","overlay-color":"","overlay-opacity":"","overlay-gradient":""}},"footnotes":""},"class_list":["post-6344","page","type-page","status-publish","hentry"],"_links":{"self":[{"href":"https:\/\/azulweb.es\/gaias\/wp-json\/wp\/v2\/pages\/6344","targetHints":{"allow":["GET"]}}],"collection":[{"href":"https:\/\/azulweb.es\/gaias\/wp-json\/wp\/v2\/pages"}],"about":[{"href":"https:\/\/azulweb.es\/gaias\/wp-json\/wp\/v2\/types\/page"}],"author":[{"embeddable":true,"href":"https:\/\/azulweb.es\/gaias\/wp-json\/wp\/v2\/users\/1"}],"replies":[{"embeddable":true,"href":"https:\/\/azulweb.es\/gaias\/wp-json\/wp\/v2\/comments?post=6344"}],"version-history":[{"count":1,"href":"https:\/\/azulweb.es\/gaias\/wp-json\/wp\/v2\/pages\/6344\/revisions"}],"predecessor-version":[{"id":6345,"href":"https:\/\/azulweb.es\/gaias\/wp-json\/wp\/v2\/pages\/6344\/revisions\/6345"}],"wp:attachment":[{"href":"https:\/\/azulweb.es\/gaias\/wp-json\/wp\/v2\/media?parent=6344"}],"curies":[{"name":"wp","href":"https:\/\/api.w.org\/{rel}","templated":true}]}}