{"id":6341,"date":"2025-06-12T14:47:22","date_gmt":"2025-06-12T12:47:22","guid":{"rendered":"https:\/\/azulweb.es\/gaias\/?page_id=6341"},"modified":"2025-06-12T14:47:50","modified_gmt":"2025-06-12T12:47:50","slug":"aviso-legal","status":"publish","type":"page","link":"https:\/\/azulweb.es\/gaias\/aviso-legal\/","title":{"rendered":"Aviso legal"},"content":{"rendered":"<p class=\"has-ast-global-color-7-color has-text-color\">En cumplimiento de la Ley 34\/2002, de 11 de Julio, de Servicios de la Sociedad de la Informaci\u00f3n y del Comercio Electr\u00f3nico le comunicamos la siguiente informaci\u00f3n:<\/p>\n<p class=\"has-ast-global-color-7-color has-text-color\">Titular de este sitio:<\/p>\n<p class=\"has-ast-global-color-7-color has-text-color\"><strong>FUNDACI\u00d3N GAIAS EUROPA DE LA COMUNITAT VALENCIANA<\/strong><\/p>\n<p class=\"has-ast-global-color-7-color has-text-color\">C\/ Cronista Carreres, 13 (46003) Valencia<\/p>\n<p class=\"has-ast-global-color-7-color has-text-color\">CIF:\u00a0<strong>G-10934693<\/strong><\/p>\n<p class=\"has-ast-global-color-7-color has-text-color\">Telf.:\u00a0<strong>611669354<\/strong><\/p>\n<p class=\"has-ast-global-color-7-color has-text-color\">e-mail:\u00a0<a href=\"mailto:dpd@gaiaseuropa.com\">dpd@gaiaseuropa.com<\/a><\/p>\n<p class=\"has-ast-global-color-7-color has-text-color\"><strong>Inscrita en el Registro de Fundaciones de la Comunitat Valenciana con el n\u00ba 658V<\/strong><\/p>\n<p class=\"has-ast-global-color-7-color has-text-color\">La utilizaci\u00f3n del contenido y\/o servicios del portal por parte del usuario supone la aceptaci\u00f3n expresa de las siguientes condiciones:<\/p>\n<h2 class=\"wp-block-heading has-medium-font-size\"><strong>Condiciones de uso del portal<\/strong><\/h2>\n<p class=\"has-ast-global-color-7-color has-text-color\"><strong>FUNDACI\u00d3N GAIAS EUROPA DE LA COMUNITAT VALENCIANA<\/strong><strong>\u00a0\u00a0<\/strong>se reserva el derecho de efectuar modificaciones en el contenido de este portal sin previo aviso, as\u00ed como de su configuraci\u00f3n y presentaci\u00f3n. Este portal puede contener enlaces a p\u00e1ginas externas, no siendo responsable del contenido de dichas p\u00e1ginas externas ni de cualquier otro aspecto relacionado con las mismas.<\/p>\n<p class=\"has-ast-global-color-7-color has-text-color\">Los textos, im\u00e1genes, logotipos y resto de contenidos incluidos en este portal son propiedad de\u00a0<strong>FUNDACI\u00d3N GAIAS EUROPA DE LA COMUNITAT VALENCIANA<\/strong><strong>\u00a0<\/strong>Queda prohibida la transmisi\u00f3n, distribuci\u00f3n, reproducci\u00f3n o almacenamiento, total o parcial, excepto si se obtiene el previo consentimiento de\u00a0<strong>FUNDACI\u00d3N GAIAS EUROPA DE LA COMUNITAT VALENCIANA<\/strong>, y salvo cuando se indique lo contrario.<\/p>\n<p class=\"has-ast-global-color-7-color has-text-color\">Para poder instalar o utilizar cualquier software que se encuentre disponible para su descarga desde este portal, deben aceptarse previamente los t\u00e9rminos del contrato de licencia, si lo hubiera, que acompa\u00f1e o se incluya en el software. \u00a0no se hace responsable de los posibles da\u00f1os que se pudieran producir por el hecho de utilizar versiones no actualizadas de navegadores, o de las consecuencias que se pudieran derivar del mal funcionamiento del navegador, ya sea por configuraci\u00f3n inadecuada, presencia de virus inform\u00e1ticos o cualquier otra causa ajena a\u00a0<strong>FUNDACI\u00d3N GAIAS EUROPA DE LA COMUNITAT VALENCIANA<\/strong><\/p>\n<h2 class=\"wp-block-heading has-medium-font-size\"><strong>Protecci\u00f3n de datos de car\u00e1cter personal<\/strong><\/h2>\n<p class=\"has-ast-global-color-7-color has-text-color\">En cumplimiento de la Ley Org\u00e1nica 3\/2018, de 5 de diciembre, de Protecci\u00f3n de Datos Personales y garant\u00eda de los derechos digitales,\u00a0<strong>FUNDACI\u00d3N GAIAS EUROPA DE LA COMUNITAT VALENCIANA<\/strong><strong>\u00a0<\/strong>le informa que los datos de car\u00e1cter personal que nos proporcione al cumplimentar alg\u00fan formulario de inscripci\u00f3n, solicitud o consulta que aparezca en la presente Web, ser\u00e1n objeto de tratamiento y recogidos en un tratamiento de datos (denominado \u201c<strong>USUARIOS WEB<\/strong>\u201d) cuyo responsable es\u00a0<strong>FUNDACI\u00d3N GAIAS EUROPA DE LA COMUNITAT VALENCIANA<\/strong><\/p>\n<p class=\"has-ast-global-color-7-color has-text-color\">Para ejercer sus derechos de acceso, rectificaci\u00f3n, oposici\u00f3n, supresi\u00f3n, portabilidad y limitaci\u00f3n al tratamiento de sus datos personales, en los t\u00e9rminos y condiciones previstas en la propia normativa vigente en materia de protecci\u00f3n de datos, puede comunicarlo por escrito a\u00a0<strong>FUNDACI\u00d3N GAIAS EUROPA DE LA COMUNITAT VALENCIANA<\/strong><strong>,\u00a0<\/strong>C\/ Cronista Carreres, 13 (46003) Valencia<\/p>\n<p class=\"has-ast-global-color-7-color has-text-color\">La recogida de sus datos de car\u00e1cter personal se lleva a cabo con la finalidad principal de poder ofrecer y prestarle los servicios ofrecidos en la presente web.<\/p>\n<p class=\"has-ast-global-color-7-color has-text-color\"><strong>FUNDACI\u00d3N GAIAS EUROPA DE LA COMUNITAT VALENCIANA<\/strong>\u00a0har\u00e1 uso de los datos de car\u00e1cter personal facilitados por usted exclusivamente para las finalidades indicadas.<\/p>\n<p class=\"has-ast-global-color-7-color has-text-color\">No compartimos la informaci\u00f3n suministrada con terceros salvo exigencia legal o de procedimientos legales, y en ning\u00fan caso, vendemos este tipo de informaci\u00f3n.<\/p>\n<p class=\"has-ast-global-color-7-color has-text-color\"><strong>FUNDACI\u00d3N GAIAS EUROPA DE LA COMUNITAT VALENCIANA<\/strong>\u00a0le informa que tiene implantadas las medidas de seguridad de \u00edndole t\u00e9cnica y organizativas necesarias que garanticen la seguridad de sus datos de car\u00e1cter personal y eviten su alteraci\u00f3n, p\u00e9rdida, tratamiento y\/o acceso no autorizado, seg\u00fan lo dispuesto en la Ley Org\u00e1nica 3\/2018, de 5 de diciembre, de Protecci\u00f3n de Datos Personales y garant\u00eda de los derechos digitales.<\/p>\n<h2 class=\"wp-block-heading has-medium-font-size\"><strong>Legislaci\u00f3n aplicable y jurisdicci\u00f3n<\/strong><\/h2>\n<p class=\"has-ast-global-color-7-color has-text-color\">Este Aviso Legal se rige en todos y cada uno de sus extremos por la ley espa\u00f1ola, siendo competentes para la resoluci\u00f3n de cualquier conflicto derivado o relacionado con el uso de este portal los Juzgados y Tribunales de Valencia.<\/p>\n","protected":false},"excerpt":{"rendered":"<p>En cumplimiento de la Ley 34\/2002, de 11 de Julio, de Servicios de la Sociedad de la Informaci\u00f3n y del Comercio Electr\u00f3nico le comunicamos la siguiente informaci\u00f3n: Titular de este sitio: FUNDACI\u00d3N GAIAS EUROPA DE LA COMUNITAT VALENCIANA C\/ Cronista Carreres, 13 (46003) Valencia CIF:\u00a0G-10934693 Telf.:\u00a0611669354 e-mail:\u00a0dpd@gaiaseuropa.com Inscrita en el Registro de Fundaciones de la [&hellip;]<\/p>\n","protected":false},"author":1,"featured_media":0,"parent":0,"menu_order":0,"comment_status":"closed","ping_status":"closed","template":"","meta":{"site-sidebar-layout":"default","site-content-layout":"","ast-site-content-layout":"default","site-content-style":"default","site-sidebar-style":"default","ast-global-header-display":"","ast-banner-title-visibility":"","ast-main-header-display":"","ast-hfb-above-header-display":"","ast-hfb-below-header-display":"","ast-hfb-mobile-header-display":"","site-post-title":"","ast-breadcrumbs-content":"","ast-featured-img":"","footer-sml-layout":"","theme-transparent-header-meta":"default","adv-header-id-meta":"","stick-header-meta":"","header-above-stick-meta":"","header-main-stick-meta":"","header-below-stick-meta":"","astra-migrate-meta-layouts":"set","ast-page-background-enabled":"default","ast-page-background-meta":{"desktop":{"background-color":"var(--ast-global-color-4)","background-image":"","background-repeat":"repeat","background-position":"center center","background-size":"auto","background-attachment":"scroll","background-type":"","background-media":"","overlay-type":"","overlay-color":"","overlay-opacity":"","overlay-gradient":""},"tablet":{"background-color":"","background-image":"","background-repeat":"repeat","background-position":"center center","background-size":"auto","background-attachment":"scroll","background-type":"","background-media":"","overlay-type":"","overlay-color":"","overlay-opacity":"","overlay-gradient":""},"mobile":{"background-color":"","background-image":"","background-repeat":"repeat","background-position":"center center","background-size":"auto","background-attachment":"scroll","background-type":"","background-media":"","overlay-type":"","overlay-color":"","overlay-opacity":"","overlay-gradient":""}},"ast-content-background-meta":{"desktop":{"background-color":"var(--ast-global-color-5)","background-image":"","background-repeat":"repeat","background-position":"center center","background-size":"auto","background-attachment":"scroll","background-type":"","background-media":"","overlay-type":"","overlay-color":"","overlay-opacity":"","overlay-gradient":""},"tablet":{"background-color":"var(--ast-global-color-5)","background-image":"","background-repeat":"repeat","background-position":"center center","background-size":"auto","background-attachment":"scroll","background-type":"","background-media":"","overlay-type":"","overlay-color":"","overlay-opacity":"","overlay-gradient":""},"mobile":{"background-color":"var(--ast-global-color-5)","background-image":"","background-repeat":"repeat","background-position":"center center","background-size":"auto","background-attachment":"scroll","background-type":"","background-media":"","overlay-type":"","overlay-color":"","overlay-opacity":"","overlay-gradient":""}},"footnotes":""},"class_list":["post-6341","page","type-page","status-publish","hentry"],"_links":{"self":[{"href":"https:\/\/azulweb.es\/gaias\/wp-json\/wp\/v2\/pages\/6341","targetHints":{"allow":["GET"]}}],"collection":[{"href":"https:\/\/azulweb.es\/gaias\/wp-json\/wp\/v2\/pages"}],"about":[{"href":"https:\/\/azulweb.es\/gaias\/wp-json\/wp\/v2\/types\/page"}],"author":[{"embeddable":true,"href":"https:\/\/azulweb.es\/gaias\/wp-json\/wp\/v2\/users\/1"}],"replies":[{"embeddable":true,"href":"https:\/\/azulweb.es\/gaias\/wp-json\/wp\/v2\/comments?post=6341"}],"version-history":[{"count":2,"href":"https:\/\/azulweb.es\/gaias\/wp-json\/wp\/v2\/pages\/6341\/revisions"}],"predecessor-version":[{"id":6343,"href":"https:\/\/azulweb.es\/gaias\/wp-json\/wp\/v2\/pages\/6341\/revisions\/6343"}],"wp:attachment":[{"href":"https:\/\/azulweb.es\/gaias\/wp-json\/wp\/v2\/media?parent=6341"}],"curies":[{"name":"wp","href":"https:\/\/api.w.org\/{rel}","templated":true}]}}