{"id":5568,"date":"2025-06-09T11:14:45","date_gmt":"2025-06-09T09:14:45","guid":{"rendered":"https:\/\/azulweb.es\/gaias\/?page_id=5568"},"modified":"2025-06-27T14:03:29","modified_gmt":"2025-06-27T12:03:29","slug":"videos","status":"publish","type":"page","link":"https:\/\/azulweb.es\/gaias\/videos\/","title":{"rendered":"V\u00eddeos"},"content":{"rendered":"\t\t<div data-elementor-type=\"wp-page\" data-elementor-id=\"5568\" class=\"elementor elementor-5568\" data-elementor-post-type=\"page\">\n\t\t\t\t\t\t<section class=\"elementor-section elementor-top-section elementor-element elementor-element-bec4687 elementor-section-content-middle elementor-section-boxed elementor-section-height-default elementor-section-height-default\" data-id=\"bec4687\" data-element_type=\"section\" data-settings=\"{&quot;background_background&quot;:&quot;classic&quot;}\">\n\t\t\t\t\t\t\t<div class=\"elementor-background-overlay\"><\/div>\n\t\t\t\t\t\t\t<div class=\"elementor-container elementor-column-gap-default\">\n\t\t\t\t\t<div class=\"elementor-column elementor-col-50 elementor-top-column elementor-element elementor-element-62ff7b5\" data-id=\"62ff7b5\" data-element_type=\"column\" data-settings=\"{&quot;background_background&quot;:&quot;classic&quot;}\">\n\t\t\t<div class=\"elementor-widget-wrap elementor-element-populated\">\n\t\t\t\t\t\t<div class=\"elementor-element elementor-element-856e24b elementor-widget elementor-widget-heading\" data-id=\"856e24b\" data-element_type=\"widget\" data-widget_type=\"heading.default\">\n\t\t\t\t<div class=\"elementor-widget-container\">\n\t\t\t\t\t<h2 class=\"elementor-heading-title elementor-size-default\">GAIAS EUROPA<\/h2>\t\t\t\t<\/div>\n\t\t\t\t<\/div>\n\t\t\t\t<div class=\"elementor-element elementor-element-2bd31d9 elementor-widget elementor-widget-heading\" data-id=\"2bd31d9\" data-element_type=\"widget\" data-widget_type=\"heading.default\">\n\t\t\t\t<div class=\"elementor-widget-container\">\n\t\t\t\t\t<h2 class=\"elementor-heading-title elementor-size-default\">V\u00cdDEOS<\/h2>\t\t\t\t<\/div>\n\t\t\t\t<\/div>\n\t\t\t\t\t<\/div>\n\t\t<\/div>\n\t\t\t\t<div class=\"elementor-column elementor-col-50 elementor-top-column elementor-element elementor-element-83be3a5 elementor-hidden-tablet elementor-hidden-phone\" data-id=\"83be3a5\" data-element_type=\"column\">\n\t\t\t<div class=\"elementor-widget-wrap\">\n\t\t\t\t\t\t\t<\/div>\n\t\t<\/div>\n\t\t\t\t\t<\/div>\n\t\t<\/section>\n\t\t\t\t<section class=\"elementor-section elementor-top-section elementor-element elementor-element-5f592d1 elementor-section-content-top elementor-section-boxed elementor-section-height-default elementor-section-height-default\" data-id=\"5f592d1\" data-element_type=\"section\">\n\t\t\t\t\t\t<div class=\"elementor-container elementor-column-gap-default\">\n\t\t\t\t\t<div class=\"elementor-column elementor-col-100 elementor-top-column elementor-element elementor-element-5abac1c\" data-id=\"5abac1c\" data-element_type=\"column\">\n\t\t\t<div class=\"elementor-widget-wrap elementor-element-populated\">\n\t\t\t\t\t\t<div class=\"elementor-element elementor-element-6af060d elementor-widget elementor-widget-heading\" data-id=\"6af060d\" data-element_type=\"widget\" data-widget_type=\"heading.default\">\n\t\t\t\t<div class=\"elementor-widget-container\">\n\t\t\t\t\t<h2 class=\"elementor-heading-title elementor-size-default\">CON\u00d3CENOS<\/h2>\t\t\t\t<\/div>\n\t\t\t\t<\/div>\n\t\t\t\t<div class=\"elementor-element elementor-element-2cb5c43 elementor-widget elementor-widget-heading\" data-id=\"2cb5c43\" data-element_type=\"widget\" data-widget_type=\"heading.default\">\n\t\t\t\t<div class=\"elementor-widget-container\">\n\t\t\t\t\t<h2 class=\"elementor-heading-title elementor-size-default\">GAIAS Europa<\/h2>\t\t\t\t<\/div>\n\t\t\t\t<\/div>\n\t\t\t\t<div class=\"elementor-element elementor-element-dbaaff3 elementor-widget elementor-widget-text-editor\" data-id=\"dbaaff3\" data-element_type=\"widget\" data-widget_type=\"text-editor.default\">\n\t\t\t\t<div class=\"elementor-widget-container\">\n\t\t\t\t\t\t\t\t\t<p><span style=\"font-weight: 400;\">GAIAS Europa es un proyecto muy amplio y diferencial con respecto a otras universidades y hubs acad\u00e9micos, por eso mismo, es complicado explicar con palabras todo lo que se vive y se siente en nuestro trabajo diario.<\/span><\/p><p><span style=\"font-weight: 400;\">Como bien dice el refr\u00e1n, una imagen vale m\u00e1s que mil palabras, y aqu\u00ed queremos mostrar un peque\u00f1o resumen de lo que somos y lo que venimos haciendo.<\/span><\/p>\t\t\t\t\t\t\t\t<\/div>\n\t\t\t\t<\/div>\n\t\t\t\t<div class=\"elementor-element elementor-element-46d17ad uael-video-gallery__column-3 uael-video-gallery-tablet__column-2 uael-video-gallery-mobile__column-1 elementor-widget elementor-widget-uael-video-gallery\" data-id=\"46d17ad\" data-element_type=\"widget\" data-settings=\"{&quot;gallery_columns&quot;:&quot;3&quot;,&quot;gallery_columns_tablet&quot;:&quot;2&quot;,&quot;gallery_columns_mobile&quot;:&quot;1&quot;,&quot;column_gap&quot;:{&quot;unit&quot;:&quot;px&quot;,&quot;size&quot;:10,&quot;sizes&quot;:[]},&quot;column_gap_widescreen&quot;:{&quot;unit&quot;:&quot;px&quot;,&quot;size&quot;:&quot;&quot;,&quot;sizes&quot;:[]},&quot;column_gap_laptop&quot;:{&quot;unit&quot;:&quot;px&quot;,&quot;size&quot;:&quot;&quot;,&quot;sizes&quot;:[]},&quot;column_gap_tablet&quot;:{&quot;unit&quot;:&quot;px&quot;,&quot;size&quot;:&quot;&quot;,&quot;sizes&quot;:[]},&quot;column_gap_mobile&quot;:{&quot;unit&quot;:&quot;px&quot;,&quot;size&quot;:&quot;&quot;,&quot;sizes&quot;:[]},&quot;row_gap&quot;:{&quot;unit&quot;:&quot;px&quot;,&quot;size&quot;:10,&quot;sizes&quot;:[]},&quot;row_gap_widescreen&quot;:{&quot;unit&quot;:&quot;px&quot;,&quot;size&quot;:&quot;&quot;,&quot;sizes&quot;:[]},&quot;row_gap_laptop&quot;:{&quot;unit&quot;:&quot;px&quot;,&quot;size&quot;:&quot;&quot;,&quot;sizes&quot;:[]},&quot;row_gap_tablet&quot;:{&quot;unit&quot;:&quot;px&quot;,&quot;size&quot;:&quot;&quot;,&quot;sizes&quot;:[]},&quot;row_gap_mobile&quot;:{&quot;unit&quot;:&quot;px&quot;,&quot;size&quot;:&quot;&quot;,&quot;sizes&quot;:[]},&quot;play_icon_size&quot;:{&quot;unit&quot;:&quot;px&quot;,&quot;size&quot;:60,&quot;sizes&quot;:[]},&quot;play_icon_size_widescreen&quot;:{&quot;unit&quot;:&quot;px&quot;,&quot;size&quot;:&quot;&quot;,&quot;sizes&quot;:[]},&quot;play_icon_size_laptop&quot;:{&quot;unit&quot;:&quot;px&quot;,&quot;size&quot;:&quot;&quot;,&quot;sizes&quot;:[]},&quot;play_icon_size_tablet&quot;:{&quot;unit&quot;:&quot;px&quot;,&quot;size&quot;:45,&quot;sizes&quot;:[]},&quot;play_icon_size_mobile&quot;:{&quot;unit&quot;:&quot;px&quot;,&quot;size&quot;:35,&quot;sizes&quot;:[]}}\" data-widget_type=\"uael-video-gallery.default\">\n\t\t\t\t<div class=\"elementor-widget-container\">\n\t\t\t\t\t<div class=\"uael-video-gallery-wrap uael-vg__layout-grid uael-vg__action-lightbox uael-aspect-ratio-16_9\" data-action=\"lightbox\" data-layout=\"grid\" data-all-filters=\"filter-youtube\" >\t\t\t\t<div class=\"uael-video__gallery-item\" id=\"uael-video__gallery-item1\">\n\n\t\t\t\t\t\t\t\t\t\t<div class=\"uael-video__gallery-iframe\" style=\"background-image:url('https:\/\/i.ytimg.com\/vi\/uno_goWcYLA\/hqdefault.jpg');\">\n\t\t\t\t\t\t<a class=\"elementor-clickable uael-vg__play_full\" href=\"https:\/\/www.youtube.com\/watch?v=uno_goWcYLA\" data-fancybox=\"uael-video-gallery-46d17ad\">\n\t\t\t\t\t\t\t<div class=\"uael-video__content-wrap\">\n\t\t\t\t\t\t\t\t<div class=\"uael-video__content\">\n\t\t\t\t\t\t\t\t\t\t\t\t\t\t\t\t\t\t<div class=\"uael-vg__play\">\n\t\t\t\t\t\t\t\t\t\t\t\t\t\t\t\t\t\t<span class=\"elementor-animation- uael-vg__play-icon\">\n\t\t\t\t\t\t<svg aria-hidden=\"true\" class=\"e-font-icon-svg e-fa-play\" viewBox=\"0 0 448 512\" xmlns=\"http:\/\/www.w3.org\/2000\/svg\"><path d=\"M424.4 214.7L72.4 6.6C43.8-10.3 0 6.1 0 47.9V464c0 37.5 40.7 60.1 72.4 41.3l352-208c31.4-18.5 31.5-64.1 0-82.6z\"><\/path><\/svg>\t\t\t\t\t<\/span>\n\t\t\t\t\t\t\t\t\t\t\t\t\t\t\t\t\t\t<\/div>\n\n\t\t\t\t\t\t\t\t\t\n\t\t\t\t\t\t\t\t<\/div>\n\t\t\t\t\t\t\t<\/div>\n\t\t\t\t\t\t<\/a>\n\t\t\t\t\t<\/div>\n\t\t\t\t\t\t\t\t\t\t<div class=\"uael-vg__overlay\"><\/div>\n\t\t\t\t\t\t\t\t\t<\/div>\n\t\t\t\t\t\t\t\t<div class=\"uael-video__gallery-item\" id=\"uael-video__gallery-item2\">\n\n\t\t\t\t\t\t\t\t\t\t<div class=\"uael-video__gallery-iframe\" style=\"background-image:url('https:\/\/i.ytimg.com\/vi\/TdLnGJdywHs\/hqdefault.jpg');\">\n\t\t\t\t\t\t<a class=\"elementor-clickable uael-vg__play_full\" href=\"https:\/\/www.youtube.com\/watch?v=TdLnGJdywHs\" data-fancybox=\"uael-video-gallery-46d17ad\">\n\t\t\t\t\t\t\t<div class=\"uael-video__content-wrap\">\n\t\t\t\t\t\t\t\t<div class=\"uael-video__content\">\n\t\t\t\t\t\t\t\t\t\t\t\t\t\t\t\t\t\t<div class=\"uael-vg__play\">\n\t\t\t\t\t\t\t\t\t\t\t\t\t\t\t\t\t\t<span class=\"elementor-animation- uael-vg__play-icon\">\n\t\t\t\t\t\t<svg aria-hidden=\"true\" class=\"e-font-icon-svg e-fa-play\" viewBox=\"0 0 448 512\" xmlns=\"http:\/\/www.w3.org\/2000\/svg\"><path d=\"M424.4 214.7L72.4 6.6C43.8-10.3 0 6.1 0 47.9V464c0 37.5 40.7 60.1 72.4 41.3l352-208c31.4-18.5 31.5-64.1 0-82.6z\"><\/path><\/svg>\t\t\t\t\t<\/span>\n\t\t\t\t\t\t\t\t\t\t\t\t\t\t\t\t\t\t<\/div>\n\n\t\t\t\t\t\t\t\t\t\n\t\t\t\t\t\t\t\t<\/div>\n\t\t\t\t\t\t\t<\/div>\n\t\t\t\t\t\t<\/a>\n\t\t\t\t\t<\/div>\n\t\t\t\t\t\t\t\t\t\t<div class=\"uael-vg__overlay\"><\/div>\n\t\t\t\t\t\t\t\t\t<\/div>\n\t\t\t\t\t\t\t\t<div class=\"uael-video__gallery-item\" id=\"uael-video__gallery-item3\">\n\n\t\t\t\t\t\t\t\t\t\t<div class=\"uael-video__gallery-iframe\" style=\"background-image:url('https:\/\/i.ytimg.com\/vi\/VjY211Wgv70\/hqdefault.jpg');\">\n\t\t\t\t\t\t<a class=\"elementor-clickable uael-vg__play_full\" href=\"https:\/\/www.youtube.com\/watch?v=VjY211Wgv70\" data-fancybox=\"uael-video-gallery-46d17ad\">\n\t\t\t\t\t\t\t<div class=\"uael-video__content-wrap\">\n\t\t\t\t\t\t\t\t<div class=\"uael-video__content\">\n\t\t\t\t\t\t\t\t\t\t\t\t\t\t\t\t\t\t<div class=\"uael-vg__play\">\n\t\t\t\t\t\t\t\t\t\t\t\t\t\t\t\t\t\t<span class=\"elementor-animation- uael-vg__play-icon\">\n\t\t\t\t\t\t<svg aria-hidden=\"true\" class=\"e-font-icon-svg e-fa-play\" viewBox=\"0 0 448 512\" xmlns=\"http:\/\/www.w3.org\/2000\/svg\"><path d=\"M424.4 214.7L72.4 6.6C43.8-10.3 0 6.1 0 47.9V464c0 37.5 40.7 60.1 72.4 41.3l352-208c31.4-18.5 31.5-64.1 0-82.6z\"><\/path><\/svg>\t\t\t\t\t<\/span>\n\t\t\t\t\t\t\t\t\t\t\t\t\t\t\t\t\t\t<\/div>\n\n\t\t\t\t\t\t\t\t\t\n\t\t\t\t\t\t\t\t<\/div>\n\t\t\t\t\t\t\t<\/div>\n\t\t\t\t\t\t<\/a>\n\t\t\t\t\t<\/div>\n\t\t\t\t\t\t\t\t\t\t<div class=\"uael-vg__overlay\"><\/div>\n\t\t\t\t\t\t\t\t\t<\/div>\n\t\t\t\t\t\t\t\t<div class=\"uael-video__gallery-item\" id=\"uael-video__gallery-item4\">\n\n\t\t\t\t\t\t\t\t\t\t<div class=\"uael-video__gallery-iframe\" style=\"background-image:url('https:\/\/i.ytimg.com\/vi\/Gi51F9e33DU\/hqdefault.jpg');\">\n\t\t\t\t\t\t<a class=\"elementor-clickable uael-vg__play_full\" href=\"https:\/\/www.youtube.com\/watch?v=Gi51F9e33DU\" data-fancybox=\"uael-video-gallery-46d17ad\">\n\t\t\t\t\t\t\t<div class=\"uael-video__content-wrap\">\n\t\t\t\t\t\t\t\t<div class=\"uael-video__content\">\n\t\t\t\t\t\t\t\t\t\t\t\t\t\t\t\t\t\t<div class=\"uael-vg__play\">\n\t\t\t\t\t\t\t\t\t\t\t\t\t\t\t\t\t\t<span class=\"elementor-animation- uael-vg__play-icon\">\n\t\t\t\t\t\t<svg aria-hidden=\"true\" class=\"e-font-icon-svg e-fa-play\" viewBox=\"0 0 448 512\" xmlns=\"http:\/\/www.w3.org\/2000\/svg\"><path d=\"M424.4 214.7L72.4 6.6C43.8-10.3 0 6.1 0 47.9V464c0 37.5 40.7 60.1 72.4 41.3l352-208c31.4-18.5 31.5-64.1 0-82.6z\"><\/path><\/svg>\t\t\t\t\t<\/span>\n\t\t\t\t\t\t\t\t\t\t\t\t\t\t\t\t\t\t<\/div>\n\n\t\t\t\t\t\t\t\t\t\n\t\t\t\t\t\t\t\t<\/div>\n\t\t\t\t\t\t\t<\/div>\n\t\t\t\t\t\t<\/a>\n\t\t\t\t\t<\/div>\n\t\t\t\t\t\t\t\t\t\t<div class=\"uael-vg__overlay\"><\/div>\n\t\t\t\t\t\t\t\t\t<\/div>\n\t\t\t\t\t\t\t\t<div class=\"uael-video__gallery-item\" id=\"uael-video__gallery-item5\">\n\n\t\t\t\t\t\t\t\t\t\t<div class=\"uael-video__gallery-iframe\" style=\"background-image:url('https:\/\/i.ytimg.com\/vi\/nATYmRHwfDQ\/hqdefault.jpg');\">\n\t\t\t\t\t\t<a class=\"elementor-clickable uael-vg__play_full\" href=\"https:\/\/www.youtube.com\/watch?v=nATYmRHwfDQ\" data-fancybox=\"uael-video-gallery-46d17ad\">\n\t\t\t\t\t\t\t<div class=\"uael-video__content-wrap\">\n\t\t\t\t\t\t\t\t<div class=\"uael-video__content\">\n\t\t\t\t\t\t\t\t\t\t\t\t\t\t\t\t\t\t<div class=\"uael-vg__play\">\n\t\t\t\t\t\t\t\t\t\t\t\t\t\t\t\t\t\t<span class=\"elementor-animation- uael-vg__play-icon\">\n\t\t\t\t\t\t<svg aria-hidden=\"true\" class=\"e-font-icon-svg e-fa-play\" viewBox=\"0 0 448 512\" xmlns=\"http:\/\/www.w3.org\/2000\/svg\"><path d=\"M424.4 214.7L72.4 6.6C43.8-10.3 0 6.1 0 47.9V464c0 37.5 40.7 60.1 72.4 41.3l352-208c31.4-18.5 31.5-64.1 0-82.6z\"><\/path><\/svg>\t\t\t\t\t<\/span>\n\t\t\t\t\t\t\t\t\t\t\t\t\t\t\t\t\t\t<\/div>\n\n\t\t\t\t\t\t\t\t\t\n\t\t\t\t\t\t\t\t<\/div>\n\t\t\t\t\t\t\t<\/div>\n\t\t\t\t\t\t<\/a>\n\t\t\t\t\t<\/div>\n\t\t\t\t\t\t\t\t\t\t<div class=\"uael-vg__overlay\"><\/div>\n\t\t\t\t\t\t\t\t\t<\/div>\n\t\t\t\t\t\t\t\t<div class=\"uael-video__gallery-item\" id=\"uael-video__gallery-item6\">\n\n\t\t\t\t\t\t\t\t\t\t<div class=\"uael-video__gallery-iframe\" style=\"background-image:url('https:\/\/i.ytimg.com\/vi\/iUjoabxnGYU\/hqdefault.jpg');\">\n\t\t\t\t\t\t<a class=\"elementor-clickable uael-vg__play_full\" href=\"https:\/\/www.youtube.com\/watch?v=iUjoabxnGYU\" data-fancybox=\"uael-video-gallery-46d17ad\">\n\t\t\t\t\t\t\t<div class=\"uael-video__content-wrap\">\n\t\t\t\t\t\t\t\t<div class=\"uael-video__content\">\n\t\t\t\t\t\t\t\t\t\t\t\t\t\t\t\t\t\t<div class=\"uael-vg__play\">\n\t\t\t\t\t\t\t\t\t\t\t\t\t\t\t\t\t\t<span class=\"elementor-animation- uael-vg__play-icon\">\n\t\t\t\t\t\t<svg aria-hidden=\"true\" class=\"e-font-icon-svg e-fa-play\" viewBox=\"0 0 448 512\" xmlns=\"http:\/\/www.w3.org\/2000\/svg\"><path d=\"M424.4 214.7L72.4 6.6C43.8-10.3 0 6.1 0 47.9V464c0 37.5 40.7 60.1 72.4 41.3l352-208c31.4-18.5 31.5-64.1 0-82.6z\"><\/path><\/svg>\t\t\t\t\t<\/span>\n\t\t\t\t\t\t\t\t\t\t\t\t\t\t\t\t\t\t<\/div>\n\n\t\t\t\t\t\t\t\t\t\n\t\t\t\t\t\t\t\t<\/div>\n\t\t\t\t\t\t\t<\/div>\n\t\t\t\t\t\t<\/a>\n\t\t\t\t\t<\/div>\n\t\t\t\t\t\t\t\t\t\t<div class=\"uael-vg__overlay\"><\/div>\n\t\t\t\t\t\t\t\t\t<\/div>\n\t\t\t\t<\/div>\t\t<script type=\"text\/javascript\">\n\t\t\tjQuery( document ).ready( function( $ ) {\n\n\t\t\t\t$( '.uael-video-gallery-wrap' ).each( function() {\n\n\t\t\t\t\tvar $node_id \t= '46d17ad';\n\t\t\t\t\tvar\tscope \t\t= $( '[data-id=\"' + $node_id + '\"]' );\n\t\t\t\t\tvar selector \t= $(this);\n\n\t\t\t\t\tif ( selector.closest( scope ).length < 1 ) {\n\t\t\t\t\t\treturn;\n\t\t\t\t\t}\n\n\t\t\t\t\tif ( ! selector.hasClass( 'uael-video-gallery-filter' ) ) {\n\t\t\t\t\t\treturn;\n\t\t\t\t\t}\n\n\t\t\t\t\tvar filters = scope.find( '.uael-video__gallery-filters' );\n\t\t\t\t\tvar def_cat = '*';\n\n\t\t\t\t\tif ( filters.length > 0 ) {\n\n\t\t\t\t\t\tvar def_filter = filters.data( 'default' );\n\n\t\t\t\t\t\tif ( '' !== def_filter ) {\n\n\t\t\t\t\t\t\tdef_cat \t= def_filter;\n\t\t\t\t\t\t\tdef_cat_sel = filters.find( '[data-filter=\"' + def_filter + '\"]' );\n\n\t\t\t\t\t\t\tif ( def_cat_sel.length > 0 ) {\n\t\t\t\t\t\t\t\tdef_cat_sel.siblings().removeClass( 'uael-filter__current' );\n\t\t\t\t\t\t\t\tdef_cat_sel.addClass( 'uael-filter__current' );\n\t\t\t\t\t\t\t}\n\t\t\t\t\t\t}\n\t\t\t\t\t}\n\n\t\t\t\t\tvar $obj = {};\n\n\t\t\t\t\tselector.imagesLoaded( function( e ) {\n\n\t\t\t\t\t\t$obj = selector.isotope({\n\t\t\t\t\t\t\tfilter: def_cat,\n\t\t\t\t\t\t\tlayoutMode: 'masonry',\n\t\t\t\t\t\t\titemSelector: '.uael-video__gallery-item',\n\t\t\t\t\t\t});\n\n\t\t\t\t\t\tselector.find( '.uael-video__gallery-item' ).resize( function() {\n\t\t\t\t\t\t\t$obj.isotope( 'layout' );\n\t\t\t\t\t\t});\n\t\t\t\t\t});\n\n\t\t\t\t});\n\t\t\t});\n\t\t<\/script>\n\t\t\t\t\t\t<\/div>\n\t\t\t\t<\/div>\n\t\t\t\t\t<\/div>\n\t\t<\/div>\n\t\t\t\t\t<\/div>\n\t\t<\/section>\n\t\t\t\t<\/div>\n\t\t","protected":false},"excerpt":{"rendered":"<p>GAIAS EUROPA V\u00cdDEOS CON\u00d3CENOS GAIAS Europa GAIAS Europa es un proyecto muy amplio y diferencial con respecto a otras universidades y hubs acad\u00e9micos, por eso mismo, es complicado explicar con palabras todo lo que se vive y se siente en nuestro trabajo diario. Como bien dice el refr\u00e1n, una imagen vale m\u00e1s que mil palabras, [&hellip;]<\/p>\n","protected":false},"author":1,"featured_media":0,"parent":0,"menu_order":0,"comment_status":"closed","ping_status":"closed","template":"elementor_header_footer","meta":{"site-sidebar-layout":"no-sidebar","site-content-layout":"page-builder","ast-site-content-layout":"full-width-container","site-content-style":"unboxed","site-sidebar-style":"unboxed","ast-global-header-display":"","ast-banner-title-visibility":"","ast-main-header-display":"","ast-hfb-above-header-display":"","ast-hfb-below-header-display":"","ast-hfb-mobile-header-display":"","site-post-title":"disabled","ast-breadcrumbs-content":"","ast-featured-img":"disabled","footer-sml-layout":"","theme-transparent-header-meta":"default","adv-header-id-meta":"","stick-header-meta":"","header-above-stick-meta":"","header-main-stick-meta":"","header-below-stick-meta":"","astra-migrate-meta-layouts":"set","ast-page-background-enabled":"default","ast-page-background-meta":{"desktop":{"background-color":"var(--ast-global-color-4)","background-image":"","background-repeat":"repeat","background-position":"center center","background-size":"auto","background-attachment":"scroll","background-type":"","background-media":"","overlay-type":"","overlay-color":"","overlay-opacity":"","overlay-gradient":""},"tablet":{"background-color":"","background-image":"","background-repeat":"repeat","background-position":"center center","background-size":"auto","background-attachment":"scroll","background-type":"","background-media":"","overlay-type":"","overlay-color":"","overlay-opacity":"","overlay-gradient":""},"mobile":{"background-color":"","background-image":"","background-repeat":"repeat","background-position":"center center","background-size":"auto","background-attachment":"scroll","background-type":"","background-media":"","overlay-type":"","overlay-color":"","overlay-opacity":"","overlay-gradient":""}},"ast-content-background-meta":{"desktop":{"background-color":"var(--ast-global-color-5)","background-image":"","background-repeat":"repeat","background-position":"center center","background-size":"auto","background-attachment":"scroll","background-type":"","background-media":"","overlay-type":"","overlay-color":"","overlay-opacity":"","overlay-gradient":""},"tablet":{"background-color":"var(--ast-global-color-5)","background-image":"","background-repeat":"repeat","background-position":"center center","background-size":"auto","background-attachment":"scroll","background-type":"","background-media":"","overlay-type":"","overlay-color":"","overlay-opacity":"","overlay-gradient":""},"mobile":{"background-color":"var(--ast-global-color-5)","background-image":"","background-repeat":"repeat","background-position":"center center","background-size":"auto","background-attachment":"scroll","background-type":"","background-media":"","overlay-type":"","overlay-color":"","overlay-opacity":"","overlay-gradient":""}},"footnotes":""},"class_list":["post-5568","page","type-page","status-publish","hentry"],"_links":{"self":[{"href":"https:\/\/azulweb.es\/gaias\/wp-json\/wp\/v2\/pages\/5568","targetHints":{"allow":["GET"]}}],"collection":[{"href":"https:\/\/azulweb.es\/gaias\/wp-json\/wp\/v2\/pages"}],"about":[{"href":"https:\/\/azulweb.es\/gaias\/wp-json\/wp\/v2\/types\/page"}],"author":[{"embeddable":true,"href":"https:\/\/azulweb.es\/gaias\/wp-json\/wp\/v2\/users\/1"}],"replies":[{"embeddable":true,"href":"https:\/\/azulweb.es\/gaias\/wp-json\/wp\/v2\/comments?post=5568"}],"version-history":[{"count":22,"href":"https:\/\/azulweb.es\/gaias\/wp-json\/wp\/v2\/pages\/5568\/revisions"}],"predecessor-version":[{"id":7759,"href":"https:\/\/azulweb.es\/gaias\/wp-json\/wp\/v2\/pages\/5568\/revisions\/7759"}],"wp:attachment":[{"href":"https:\/\/azulweb.es\/gaias\/wp-json\/wp\/v2\/media?parent=5568"}],"curies":[{"name":"wp","href":"https:\/\/api.w.org\/{rel}","templated":true}]}}